{"id":1537,"date":"2019-03-26T11:17:15","date_gmt":"2019-03-26T10:17:15","guid":{"rendered":"http:\/\/dryworks.com\/projecten\/"},"modified":"2021-09-17T15:18:19","modified_gmt":"2021-09-17T13:18:19","slug":"projecten","status":"publish","type":"page","link":"https:\/\/www.dryworks.com\/de\/projecten\/","title":{"rendered":"Projecten"},"content":{"rendered":"<p><div id=\"thz-section-holder-sfc3a8ece\" class=\"thz-section-holder section-notcontained none\" data-view-brightness=\"none\">\r\n\t<section class=\"thz-section\">\r\n\t\t<div class=\"thz-section-in\">\r\n\t\t\t\t\t<div class=\"thz-container content-contained thz-site-width\">\r\n\t\t\t\t\t\t\t<\/div>\r\n\t\t\t\t<\/div>\r\n\t\t<div class=\"thz-bglayer-container\"><div id=\"thz-bglayer-0cce7aec\" class=\"thz-basic-bglayer\"><\/div><\/div>\t\t<\/section>\r\n<\/div>\r\n<div id=\"thz-section-holder-s9f88fb8c\" class=\"thz-section-holder section-notcontained none\" data-view-brightness=\"none\">\r\n\t<section class=\"thz-section\">\r\n\t\t<div class=\"thz-section-in\">\r\n\t\t\t\t\t<div class=\"thz-container content-contained thz-site-width\">\r\n\t\t\t\t<div class=\"thz-row\">\r\n\t<div id=\"thz-column-cdc144548\" class=\"thz-column thz-col-1 fstart\">\r\n\t<div class=\"thz-column-container\">\r\n        <div class=\"thz-column-in\">\r\n                        <div class=\"thz-column-shortcodes\">\t\r\n                <div id=\"thz-sh-86c56661\" class=\"thz-shc thz-heading thz-sh-86c56661 thz-sh-plain thz-sh-pos-both\">\r\n\t<div class=\"thz-heading-holder\">\r\n\t\t\t\t\t\t\t<\/div>\r\n<\/div><div id=\"thz-text-block-c44bd6a9\" class=\"thz-shc thz-text-block\"><p>Sei es ein undichter Keller in Den Haag, ein Leck in Amsterdam oder aufsteigende Feuchtigkeit in Haarlem. Seit mehr als 55 Jahren beheben wir erfolgreich Feuchtigkeitsprobleme durch unsere einzigartige Art der Feuchtigkeitskontrolle. Um einen Eindruck von unserer Arbeitsweise und unseren Techniken zu vermitteln, wurde eine Auswahl aus einer Reihe von Projekten getroffen. Aber nat\u00fcrlich waren wir an vielen weiteren Orten aktiv. Auch in Rotterdam, Leiden, Delft, Zoetermeer, Arnheim, Zwolle, Nijmegen und Utrecht l\u00f6sen wir seit langem Feuchtigkeitsprobleme. Haben Sie weitere Fragen oder m\u00f6chten Sie \u00fcber Ihr Feuchtigkeitsproblem informiert werden? Z\u00f6gern Sie nicht, uns zu kontaktieren, wir helfen Ihnen gerne weiter und ein Termin wird in k\u00fcrzester Zeit vereinbart.<\/p><\/div>\t<p class=\"thz-align-center\">\r\n\t\tNo posts to show. Check posts query.    <\/p>\r\n<div id=\"thz-text-block-0b55bb48\" class=\"thz-shc thz-text-block\"><p>Wilt u meer informatie ontvangen of heeft u andere vragen? Onze medewerkers staan voor u klaar! Neem gerust contact met ons op.<\/p><p><a class=\"maxbutton-3 maxbutton maxbutton-contact-button\" href=\"https:\/\/www.dryworks.com\/contact-dryworks\/\"><span class='mb-text'>Contact<\/span><\/a><\/p><\/div>            <\/div>\r\n                                            <\/div>\r\n    <\/div>\r\n<\/div><\/div>\t\t\t<\/div>\r\n\t\t\t\t<\/div>\r\n\t\t\t\t<\/section>\r\n<\/div>\r\n<\/p>\n","protected":false},"excerpt":{"rendered":"<p>Sei es ein undichter Keller in Den Haag, ein Leck in Amsterdam oder aufsteigende Feuchtigkeit in Haarlem. Seit mehr als 55 Jahren beheben wir erfolgreich Feuchtigkeitsprobleme durch unsere einzigartige Art der Feuchtigkeitskontrolle. Um einen Eindruck von unserer Arbeitsweise und unseren Techniken zu vermitteln, wurde eine Auswahl aus einer Reihe von Projekten getroffen. Aber nat\u00fcrlich waren wir an vielen weiteren Orten aktiv. Auch in Rotterdam, Leiden, Delft, Zoetermeer, Arnheim, Zwolle, Nijmegen und Utrecht l\u00f6sen wir seit langem Feuchtigkeitsprobleme. Haben Sie weitere Fragen oder m\u00f6chten Sie \u00fcber Ihr Feuchtigkeitsproblem informiert werden? Z\u00f6gern Sie nicht, uns zu kontaktieren, wir helfen Ihnen gerne weiter und ein Termin wird in k\u00fcrzester Zeit vereinbart. No posts to show. Check posts query. Wilt u meer informatie ontvangen of heeft u andere vragen? Onze medewerkers staan voor u klaar! Neem gerust contact met ons op.Contact<\/p>\n","protected":false},"author":1,"featured_media":1443,"parent":0,"menu_order":0,"comment_status":"closed","ping_status":"closed","template":"template-parts\/page-builder.php","meta":{"footnotes":""},"tags":[83,163,164,84,85,165,166,167,168,86,169,87,170,171,172,88,173,174],"class_list":["post-1537","page","type-page","status-publish","has-post-thumbnail","hentry","tag-amsterdam-de","tag-delft-de","tag-den-haag-de","tag-diemen-de","tag-dry-works-de","tag-haarlem-de","tag-leiden-de","tag-lekkage-de","tag-monumentale-panden-de","tag-nederland-de","tag-optrekkend-vocht-de","tag-projecten-de","tag-stukwerk-de","tag-verschillende-opdrachtgevers-de","tag-vochtproblemen-de","tag-vochtservice-de","tag-vochtvrij-de","tag-zoetermeer-de"],"yoast_head":"<!-- This site is optimized with the Yoast SEO plugin v27.4 - https:\/\/yoast.com\/product\/yoast-seo-wordpress\/ -->\n<title>Onze Projecten - Projectenoverzicht van Dry Works Vochtservice B.V<\/title>\n<meta name=\"description\" content=\"Dry Works heeft de afgelopen jaren in heel Nederland verschillende projecten onder haden genomen voor diverse opdrachtgevers.\" \/>\n<meta name=\"robots\" content=\"index, follow, max-snippet:-1, max-image-preview:large, max-video-preview:-1\" \/>\n<link rel=\"canonical\" href=\"https:\/\/www.dryworks.com\/de\/projecten\/\" \/>\n<meta property=\"og:locale\" content=\"de_DE\" \/>\n<meta property=\"og:type\" content=\"article\" \/>\n<meta property=\"og:title\" content=\"Onze Projecten - Projectenoverzicht van Dry Works Vochtservice B.V\" \/>\n<meta property=\"og:description\" content=\"Dry Works heeft de afgelopen jaren in heel Nederland verschillende projecten onder haden genomen voor diverse opdrachtgevers.\" \/>\n<meta property=\"og:url\" content=\"https:\/\/www.dryworks.com\/de\/projecten\/\" \/>\n<meta property=\"og:site_name\" content=\"Dry Works Vochtservice B.V\" \/>\n<meta property=\"article:modified_time\" content=\"2021-09-17T13:18:19+00:00\" \/>\n<meta name=\"twitter:card\" content=\"summary_large_image\" \/>\n<meta name=\"twitter:label1\" content=\"Gesch\u00e4tzte Lesezeit\" \/>\n\t<meta name=\"twitter:data1\" content=\"1\u00a0Minute\" \/>\n<script type=\"application\/ld+json\" class=\"yoast-schema-graph\">{\"@context\":\"https:\\\/\\\/schema.org\",\"@graph\":[{\"@type\":\"WebPage\",\"@id\":\"https:\\\/\\\/www.dryworks.com\\\/de\\\/projecten\\\/\",\"url\":\"https:\\\/\\\/www.dryworks.com\\\/de\\\/projecten\\\/\",\"name\":\"Onze Projecten - Projectenoverzicht van Dry Works Vochtservice B.V\",\"isPartOf\":{\"@id\":\"https:\\\/\\\/www.dryworks.com\\\/de\\\/#website\"},\"primaryImageOfPage\":{\"@id\":\"https:\\\/\\\/www.dryworks.com\\\/de\\\/projecten\\\/#primaryimage\"},\"image\":{\"@id\":\"https:\\\/\\\/www.dryworks.com\\\/de\\\/projecten\\\/#primaryimage\"},\"thumbnailUrl\":\"https:\\\/\\\/www.dryworks.com\\\/wp-content\\\/uploads\\\/2019\\\/06\\\/ic-gavel.svg\",\"datePublished\":\"2019-03-26T10:17:15+00:00\",\"dateModified\":\"2021-09-17T13:18:19+00:00\",\"description\":\"Dry Works heeft de afgelopen jaren in heel Nederland verschillende projecten onder haden genomen voor diverse opdrachtgevers.\",\"breadcrumb\":{\"@id\":\"https:\\\/\\\/www.dryworks.com\\\/de\\\/projecten\\\/#breadcrumb\"},\"inLanguage\":\"de\",\"potentialAction\":[{\"@type\":\"ReadAction\",\"target\":[\"https:\\\/\\\/www.dryworks.com\\\/de\\\/projecten\\\/\"]}]},{\"@type\":\"ImageObject\",\"inLanguage\":\"de\",\"@id\":\"https:\\\/\\\/www.dryworks.com\\\/de\\\/projecten\\\/#primaryimage\",\"url\":\"https:\\\/\\\/www.dryworks.com\\\/wp-content\\\/uploads\\\/2019\\\/06\\\/ic-gavel.svg\",\"contentUrl\":\"https:\\\/\\\/www.dryworks.com\\\/wp-content\\\/uploads\\\/2019\\\/06\\\/ic-gavel.svg\",\"width\":512,\"height\":512},{\"@type\":\"BreadcrumbList\",\"@id\":\"https:\\\/\\\/www.dryworks.com\\\/de\\\/projecten\\\/#breadcrumb\",\"itemListElement\":[{\"@type\":\"ListItem\",\"position\":1,\"name\":\"Home\",\"item\":\"https:\\\/\\\/www.dryworks.com\\\/de\\\/\"},{\"@type\":\"ListItem\",\"position\":2,\"name\":\"Projecten\"}]},{\"@type\":\"WebSite\",\"@id\":\"https:\\\/\\\/www.dryworks.com\\\/de\\\/#website\",\"url\":\"https:\\\/\\\/www.dryworks.com\\\/de\\\/\",\"name\":\"Dry Works Vochtservice B.V\",\"description\":\"\",\"publisher\":{\"@id\":\"https:\\\/\\\/www.dryworks.com\\\/de\\\/#organization\"},\"potentialAction\":[{\"@type\":\"SearchAction\",\"target\":{\"@type\":\"EntryPoint\",\"urlTemplate\":\"https:\\\/\\\/www.dryworks.com\\\/de\\\/?s={search_term_string}\"},\"query-input\":{\"@type\":\"PropertyValueSpecification\",\"valueRequired\":true,\"valueName\":\"search_term_string\"}}],\"inLanguage\":\"de\"},{\"@type\":\"Organization\",\"@id\":\"https:\\\/\\\/www.dryworks.com\\\/de\\\/#organization\",\"name\":\"Dry Works\",\"url\":\"https:\\\/\\\/www.dryworks.com\\\/de\\\/\",\"logo\":{\"@type\":\"ImageObject\",\"inLanguage\":\"de\",\"@id\":\"https:\\\/\\\/www.dryworks.com\\\/de\\\/#\\\/schema\\\/logo\\\/image\\\/\",\"url\":\"https:\\\/\\\/www.dryworks.com\\\/wp-content\\\/uploads\\\/2019\\\/09\\\/logo.jpg\",\"contentUrl\":\"https:\\\/\\\/www.dryworks.com\\\/wp-content\\\/uploads\\\/2019\\\/09\\\/logo.jpg\",\"width\":143,\"height\":83,\"caption\":\"Dry Works\"},\"image\":{\"@id\":\"https:\\\/\\\/www.dryworks.com\\\/de\\\/#\\\/schema\\\/logo\\\/image\\\/\"}}]}<\/script>\n<!-- \/ Yoast SEO plugin. -->","yoast_head_json":{"title":"Onze Projecten - Projectenoverzicht van Dry Works Vochtservice B.V","description":"Dry Works heeft de afgelopen jaren in heel Nederland verschillende projecten onder haden genomen voor diverse opdrachtgevers.","robots":{"index":"index","follow":"follow","max-snippet":"max-snippet:-1","max-image-preview":"max-image-preview:large","max-video-preview":"max-video-preview:-1"},"canonical":"https:\/\/www.dryworks.com\/de\/projecten\/","og_locale":"de_DE","og_type":"article","og_title":"Onze Projecten - Projectenoverzicht van Dry Works Vochtservice B.V","og_description":"Dry Works heeft de afgelopen jaren in heel Nederland verschillende projecten onder haden genomen voor diverse opdrachtgevers.","og_url":"https:\/\/www.dryworks.com\/de\/projecten\/","og_site_name":"Dry Works Vochtservice B.V","article_modified_time":"2021-09-17T13:18:19+00:00","twitter_card":"summary_large_image","twitter_misc":{"Gesch\u00e4tzte Lesezeit":"1\u00a0Minute"},"schema":{"@context":"https:\/\/schema.org","@graph":[{"@type":"WebPage","@id":"https:\/\/www.dryworks.com\/de\/projecten\/","url":"https:\/\/www.dryworks.com\/de\/projecten\/","name":"Onze Projecten - Projectenoverzicht van Dry Works Vochtservice B.V","isPartOf":{"@id":"https:\/\/www.dryworks.com\/de\/#website"},"primaryImageOfPage":{"@id":"https:\/\/www.dryworks.com\/de\/projecten\/#primaryimage"},"image":{"@id":"https:\/\/www.dryworks.com\/de\/projecten\/#primaryimage"},"thumbnailUrl":"https:\/\/www.dryworks.com\/wp-content\/uploads\/2019\/06\/ic-gavel.svg","datePublished":"2019-03-26T10:17:15+00:00","dateModified":"2021-09-17T13:18:19+00:00","description":"Dry Works heeft de afgelopen jaren in heel Nederland verschillende projecten onder haden genomen voor diverse opdrachtgevers.","breadcrumb":{"@id":"https:\/\/www.dryworks.com\/de\/projecten\/#breadcrumb"},"inLanguage":"de","potentialAction":[{"@type":"ReadAction","target":["https:\/\/www.dryworks.com\/de\/projecten\/"]}]},{"@type":"ImageObject","inLanguage":"de","@id":"https:\/\/www.dryworks.com\/de\/projecten\/#primaryimage","url":"https:\/\/www.dryworks.com\/wp-content\/uploads\/2019\/06\/ic-gavel.svg","contentUrl":"https:\/\/www.dryworks.com\/wp-content\/uploads\/2019\/06\/ic-gavel.svg","width":512,"height":512},{"@type":"BreadcrumbList","@id":"https:\/\/www.dryworks.com\/de\/projecten\/#breadcrumb","itemListElement":[{"@type":"ListItem","position":1,"name":"Home","item":"https:\/\/www.dryworks.com\/de\/"},{"@type":"ListItem","position":2,"name":"Projecten"}]},{"@type":"WebSite","@id":"https:\/\/www.dryworks.com\/de\/#website","url":"https:\/\/www.dryworks.com\/de\/","name":"Dry Works Vochtservice B.V","description":"","publisher":{"@id":"https:\/\/www.dryworks.com\/de\/#organization"},"potentialAction":[{"@type":"SearchAction","target":{"@type":"EntryPoint","urlTemplate":"https:\/\/www.dryworks.com\/de\/?s={search_term_string}"},"query-input":{"@type":"PropertyValueSpecification","valueRequired":true,"valueName":"search_term_string"}}],"inLanguage":"de"},{"@type":"Organization","@id":"https:\/\/www.dryworks.com\/de\/#organization","name":"Dry Works","url":"https:\/\/www.dryworks.com\/de\/","logo":{"@type":"ImageObject","inLanguage":"de","@id":"https:\/\/www.dryworks.com\/de\/#\/schema\/logo\/image\/","url":"https:\/\/www.dryworks.com\/wp-content\/uploads\/2019\/09\/logo.jpg","contentUrl":"https:\/\/www.dryworks.com\/wp-content\/uploads\/2019\/09\/logo.jpg","width":143,"height":83,"caption":"Dry Works"},"image":{"@id":"https:\/\/www.dryworks.com\/de\/#\/schema\/logo\/image\/"}}]}},"_links":{"self":[{"href":"https:\/\/www.dryworks.com\/de\/wp-json\/wp\/v2\/pages\/1537","targetHints":{"allow":["GET"]}}],"collection":[{"href":"https:\/\/www.dryworks.com\/de\/wp-json\/wp\/v2\/pages"}],"about":[{"href":"https:\/\/www.dryworks.com\/de\/wp-json\/wp\/v2\/types\/page"}],"author":[{"embeddable":true,"href":"https:\/\/www.dryworks.com\/de\/wp-json\/wp\/v2\/users\/1"}],"replies":[{"embeddable":true,"href":"https:\/\/www.dryworks.com\/de\/wp-json\/wp\/v2\/comments?post=1537"}],"version-history":[{"count":15,"href":"https:\/\/www.dryworks.com\/de\/wp-json\/wp\/v2\/pages\/1537\/revisions"}],"predecessor-version":[{"id":4053,"href":"https:\/\/www.dryworks.com\/de\/wp-json\/wp\/v2\/pages\/1537\/revisions\/4053"}],"wp:featuredmedia":[{"embeddable":true,"href":"https:\/\/www.dryworks.com\/de\/wp-json\/wp\/v2\/media\/1443"}],"wp:attachment":[{"href":"https:\/\/www.dryworks.com\/de\/wp-json\/wp\/v2\/media?parent=1537"}],"wp:term":[{"taxonomy":"post_tag","embeddable":true,"href":"https:\/\/www.dryworks.com\/de\/wp-json\/wp\/v2\/tags?post=1537"}],"curies":[{"name":"wp","href":"https:\/\/api.w.org\/{rel}","templated":true}]}}