{"id":3899,"date":"2019-03-26T11:17:15","date_gmt":"2019-03-26T10:17:15","guid":{"rendered":"https:\/\/www.dryworks.com\/projecten\/"},"modified":"2022-01-18T11:18:45","modified_gmt":"2022-01-18T10:18:45","slug":"proyectos","status":"publish","type":"page","link":"https:\/\/www.dryworks.com\/es\/proyectos\/","title":{"rendered":"Proyectos"},"content":{"rendered":"<p><div id=\"thz-section-holder-sfc3a8ece\" class=\"thz-section-holder section-notcontained none\" data-view-brightness=\"none\">\r\n\t<section class=\"thz-section\">\r\n\t\t<div class=\"thz-section-in\">\r\n\t\t\t\t\t<div class=\"thz-container content-contained thz-site-width\">\r\n\t\t\t\t\t\t\t<\/div>\r\n\t\t\t\t<\/div>\r\n\t\t<div class=\"thz-bglayer-container\"><div id=\"thz-bglayer-0cce7aec\" class=\"thz-basic-bglayer\"><\/div><\/div>\t\t<\/section>\r\n<\/div>\r\n<div id=\"thz-section-holder-s9f88fb8c\" class=\"thz-section-holder section-notcontained none\" data-view-brightness=\"none\">\r\n\t<section class=\"thz-section\">\r\n\t\t<div class=\"thz-section-in\">\r\n\t\t\t\t\t<div class=\"thz-container content-contained thz-site-width\">\r\n\t\t\t\t<div class=\"thz-row\">\r\n\t<div id=\"thz-column-cdc144548\" class=\"thz-column thz-col-1 fstart\">\r\n\t<div class=\"thz-column-container\">\r\n        <div class=\"thz-column-in\">\r\n                        <div class=\"thz-column-shortcodes\">\t\r\n                <div id=\"thz-sh-86c56661\" class=\"thz-shc thz-heading thz-sh-86c56661 thz-sh-plain thz-sh-pos-both\">\r\n\t<div class=\"thz-heading-holder\">\r\n\t\t\t\t\t\t\t<\/div>\r\n<\/div><div id=\"thz-text-block-c44bd6a9\" class=\"thz-shc thz-text-block\"><p>Dry Works est\u00e1 en constante movimiento y los trabajos realizados se extienden por todo el territorio internacional. Estamos preparados para enfrentarnos a cualquier escenario, ya sea un s\u00f3tano con fugas en La Haya, una fuga en \u00c1msterdam o un problema de humedad por capilaridad en Haarlem. Durante m\u00e1s de 55 a\u00f1os, hemos estado resolviendo con \u00e9xito problemas de humedad y filtraciones gracias a nuestra forma \u00fanica de trabajar y a nuestro exhaustivo control de calidad. \u00bfTiene alguna pregunta adicional o le gustar\u00eda resolver cualquier duda sobre su problema de humedad? P\u00f3ngase en contacto con nosotros, estaremos encantados de ayudarle.<\/p><\/div>\t<p class=\"thz-align-center\">\r\n\t\tNo posts to show. Check posts query.    <\/p>\r\n            <\/div>\r\n                                            <\/div>\r\n    <\/div>\r\n<\/div><\/div>\t\t\t<\/div>\r\n\t\t\t\t<\/div>\r\n\t\t\t\t<\/section>\r\n<\/div>\r\n<\/p>\n","protected":false},"excerpt":{"rendered":"<p>Dry Works est\u00e1 en constante movimiento y los trabajos realizados se extienden por todo el territorio internacional. Estamos preparados para enfrentarnos a cualquier escenario, ya sea un s\u00f3tano con fugas en La Haya, una fuga en \u00c1msterdam o un problema de humedad por capilaridad en Haarlem. Durante m\u00e1s de 55 a\u00f1os, hemos estado resolviendo con \u00e9xito problemas de humedad y filtraciones gracias a nuestra forma \u00fanica de trabajar y a nuestro exhaustivo control de calidad. \u00bfTiene alguna pregunta adicional o le gustar\u00eda resolver cualquier duda sobre su problema de humedad? P\u00f3ngase en contacto con nosotros, estaremos encantados de ayudarle. No posts to show. Check posts query.<\/p>\n","protected":false},"author":1,"featured_media":3901,"parent":0,"menu_order":0,"comment_status":"closed","ping_status":"closed","template":"template-parts\/page-builder.php","meta":{"footnotes":""},"tags":[371,374,441,376,378,439,455,444,461,477,382,383],"class_list":["post-3899","page","type-page","status-publish","has-post-thumbnail","hentry","tag-delft-es","tag-dry-works-es","tag-humedad","tag-leiden-es","tag-monumentale-panden-es","tag-problema-de-humedad","tag-problemas-de-humedad","tag-proteccion-contra-la-humedad","tag-proyecto","tag-spain","tag-stukwerk-es","tag-verschillende-opdrachtgevers-es"],"yoast_head":"<!-- This site is optimized with the Yoast SEO plugin v27.4 - https:\/\/yoast.com\/product\/yoast-seo-wordpress\/ -->\n<title>Nuestra Proyectos - Resumen del proyecto de Dry Works Vochtservice B.V<\/title>\n<meta name=\"description\" content=\"Dry Works ha llevado a cabo varios proyectos en los Pa\u00edses Bajos para varios clientes en los \u00faltimos a\u00f1os.\" \/>\n<meta name=\"robots\" content=\"index, follow, max-snippet:-1, max-image-preview:large, max-video-preview:-1\" \/>\n<link rel=\"canonical\" href=\"https:\/\/www.dryworks.com\/es\/proyectos\/\" \/>\n<meta property=\"og:locale\" content=\"es_ES\" \/>\n<meta property=\"og:type\" content=\"article\" \/>\n<meta property=\"og:title\" content=\"Nuestra Proyectos - Resumen del proyecto de Dry Works Vochtservice B.V\" \/>\n<meta property=\"og:description\" content=\"Dry Works ha llevado a cabo varios proyectos en los Pa\u00edses Bajos para varios clientes en los \u00faltimos a\u00f1os.\" \/>\n<meta property=\"og:url\" content=\"https:\/\/www.dryworks.com\/es\/proyectos\/\" \/>\n<meta property=\"og:site_name\" content=\"Dry Works Vochtservice B.V\" \/>\n<meta property=\"article:modified_time\" content=\"2022-01-18T10:18:45+00:00\" \/>\n<meta name=\"twitter:card\" content=\"summary_large_image\" \/>\n<meta name=\"twitter:label1\" content=\"Tiempo de lectura\" \/>\n\t<meta name=\"twitter:data1\" content=\"1 minuto\" \/>\n<script type=\"application\/ld+json\" class=\"yoast-schema-graph\">{\"@context\":\"https:\\\/\\\/schema.org\",\"@graph\":[{\"@type\":\"WebPage\",\"@id\":\"https:\\\/\\\/www.dryworks.com\\\/es\\\/proyectos\\\/\",\"url\":\"https:\\\/\\\/www.dryworks.com\\\/es\\\/proyectos\\\/\",\"name\":\"Nuestra Proyectos - Resumen del proyecto de Dry Works Vochtservice B.V\",\"isPartOf\":{\"@id\":\"https:\\\/\\\/www.dryworks.com\\\/es\\\/#website\"},\"primaryImageOfPage\":{\"@id\":\"https:\\\/\\\/www.dryworks.com\\\/es\\\/proyectos\\\/#primaryimage\"},\"image\":{\"@id\":\"https:\\\/\\\/www.dryworks.com\\\/es\\\/proyectos\\\/#primaryimage\"},\"thumbnailUrl\":\"https:\\\/\\\/www.dryworks.com\\\/wp-content\\\/uploads\\\/2019\\\/06\\\/ic-gavel.svg\",\"datePublished\":\"2019-03-26T10:17:15+00:00\",\"dateModified\":\"2022-01-18T10:18:45+00:00\",\"description\":\"Dry Works ha llevado a cabo varios proyectos en los Pa\u00edses Bajos para varios clientes en los \u00faltimos a\u00f1os.\",\"breadcrumb\":{\"@id\":\"https:\\\/\\\/www.dryworks.com\\\/es\\\/proyectos\\\/#breadcrumb\"},\"inLanguage\":\"es\",\"potentialAction\":[{\"@type\":\"ReadAction\",\"target\":[\"https:\\\/\\\/www.dryworks.com\\\/es\\\/proyectos\\\/\"]}]},{\"@type\":\"ImageObject\",\"inLanguage\":\"es\",\"@id\":\"https:\\\/\\\/www.dryworks.com\\\/es\\\/proyectos\\\/#primaryimage\",\"url\":\"https:\\\/\\\/www.dryworks.com\\\/wp-content\\\/uploads\\\/2019\\\/06\\\/ic-gavel.svg\",\"contentUrl\":\"https:\\\/\\\/www.dryworks.com\\\/wp-content\\\/uploads\\\/2019\\\/06\\\/ic-gavel.svg\",\"width\":512,\"height\":512},{\"@type\":\"BreadcrumbList\",\"@id\":\"https:\\\/\\\/www.dryworks.com\\\/es\\\/proyectos\\\/#breadcrumb\",\"itemListElement\":[{\"@type\":\"ListItem\",\"position\":1,\"name\":\"Home\",\"item\":\"https:\\\/\\\/www.dryworks.com\\\/es\\\/\"},{\"@type\":\"ListItem\",\"position\":2,\"name\":\"Proyectos\"}]},{\"@type\":\"WebSite\",\"@id\":\"https:\\\/\\\/www.dryworks.com\\\/es\\\/#website\",\"url\":\"https:\\\/\\\/www.dryworks.com\\\/es\\\/\",\"name\":\"Dry Works Vochtservice B.V\",\"description\":\"\",\"publisher\":{\"@id\":\"https:\\\/\\\/www.dryworks.com\\\/es\\\/#organization\"},\"potentialAction\":[{\"@type\":\"SearchAction\",\"target\":{\"@type\":\"EntryPoint\",\"urlTemplate\":\"https:\\\/\\\/www.dryworks.com\\\/es\\\/?s={search_term_string}\"},\"query-input\":{\"@type\":\"PropertyValueSpecification\",\"valueRequired\":true,\"valueName\":\"search_term_string\"}}],\"inLanguage\":\"es\"},{\"@type\":\"Organization\",\"@id\":\"https:\\\/\\\/www.dryworks.com\\\/es\\\/#organization\",\"name\":\"Dry Works\",\"url\":\"https:\\\/\\\/www.dryworks.com\\\/es\\\/\",\"logo\":{\"@type\":\"ImageObject\",\"inLanguage\":\"es\",\"@id\":\"https:\\\/\\\/www.dryworks.com\\\/es\\\/#\\\/schema\\\/logo\\\/image\\\/\",\"url\":\"https:\\\/\\\/www.dryworks.com\\\/wp-content\\\/uploads\\\/2019\\\/09\\\/logo.jpg\",\"contentUrl\":\"https:\\\/\\\/www.dryworks.com\\\/wp-content\\\/uploads\\\/2019\\\/09\\\/logo.jpg\",\"width\":143,\"height\":83,\"caption\":\"Dry Works\"},\"image\":{\"@id\":\"https:\\\/\\\/www.dryworks.com\\\/es\\\/#\\\/schema\\\/logo\\\/image\\\/\"}}]}<\/script>\n<!-- \/ Yoast SEO plugin. -->","yoast_head_json":{"title":"Nuestra Proyectos - Resumen del proyecto de Dry Works Vochtservice B.V","description":"Dry Works ha llevado a cabo varios proyectos en los Pa\u00edses Bajos para varios clientes en los \u00faltimos a\u00f1os.","robots":{"index":"index","follow":"follow","max-snippet":"max-snippet:-1","max-image-preview":"max-image-preview:large","max-video-preview":"max-video-preview:-1"},"canonical":"https:\/\/www.dryworks.com\/es\/proyectos\/","og_locale":"es_ES","og_type":"article","og_title":"Nuestra Proyectos - Resumen del proyecto de Dry Works Vochtservice B.V","og_description":"Dry Works ha llevado a cabo varios proyectos en los Pa\u00edses Bajos para varios clientes en los \u00faltimos a\u00f1os.","og_url":"https:\/\/www.dryworks.com\/es\/proyectos\/","og_site_name":"Dry Works Vochtservice B.V","article_modified_time":"2022-01-18T10:18:45+00:00","twitter_card":"summary_large_image","twitter_misc":{"Tiempo de lectura":"1 minuto"},"schema":{"@context":"https:\/\/schema.org","@graph":[{"@type":"WebPage","@id":"https:\/\/www.dryworks.com\/es\/proyectos\/","url":"https:\/\/www.dryworks.com\/es\/proyectos\/","name":"Nuestra Proyectos - Resumen del proyecto de Dry Works Vochtservice B.V","isPartOf":{"@id":"https:\/\/www.dryworks.com\/es\/#website"},"primaryImageOfPage":{"@id":"https:\/\/www.dryworks.com\/es\/proyectos\/#primaryimage"},"image":{"@id":"https:\/\/www.dryworks.com\/es\/proyectos\/#primaryimage"},"thumbnailUrl":"https:\/\/www.dryworks.com\/wp-content\/uploads\/2019\/06\/ic-gavel.svg","datePublished":"2019-03-26T10:17:15+00:00","dateModified":"2022-01-18T10:18:45+00:00","description":"Dry Works ha llevado a cabo varios proyectos en los Pa\u00edses Bajos para varios clientes en los \u00faltimos a\u00f1os.","breadcrumb":{"@id":"https:\/\/www.dryworks.com\/es\/proyectos\/#breadcrumb"},"inLanguage":"es","potentialAction":[{"@type":"ReadAction","target":["https:\/\/www.dryworks.com\/es\/proyectos\/"]}]},{"@type":"ImageObject","inLanguage":"es","@id":"https:\/\/www.dryworks.com\/es\/proyectos\/#primaryimage","url":"https:\/\/www.dryworks.com\/wp-content\/uploads\/2019\/06\/ic-gavel.svg","contentUrl":"https:\/\/www.dryworks.com\/wp-content\/uploads\/2019\/06\/ic-gavel.svg","width":512,"height":512},{"@type":"BreadcrumbList","@id":"https:\/\/www.dryworks.com\/es\/proyectos\/#breadcrumb","itemListElement":[{"@type":"ListItem","position":1,"name":"Home","item":"https:\/\/www.dryworks.com\/es\/"},{"@type":"ListItem","position":2,"name":"Proyectos"}]},{"@type":"WebSite","@id":"https:\/\/www.dryworks.com\/es\/#website","url":"https:\/\/www.dryworks.com\/es\/","name":"Dry Works Vochtservice B.V","description":"","publisher":{"@id":"https:\/\/www.dryworks.com\/es\/#organization"},"potentialAction":[{"@type":"SearchAction","target":{"@type":"EntryPoint","urlTemplate":"https:\/\/www.dryworks.com\/es\/?s={search_term_string}"},"query-input":{"@type":"PropertyValueSpecification","valueRequired":true,"valueName":"search_term_string"}}],"inLanguage":"es"},{"@type":"Organization","@id":"https:\/\/www.dryworks.com\/es\/#organization","name":"Dry Works","url":"https:\/\/www.dryworks.com\/es\/","logo":{"@type":"ImageObject","inLanguage":"es","@id":"https:\/\/www.dryworks.com\/es\/#\/schema\/logo\/image\/","url":"https:\/\/www.dryworks.com\/wp-content\/uploads\/2019\/09\/logo.jpg","contentUrl":"https:\/\/www.dryworks.com\/wp-content\/uploads\/2019\/09\/logo.jpg","width":143,"height":83,"caption":"Dry Works"},"image":{"@id":"https:\/\/www.dryworks.com\/es\/#\/schema\/logo\/image\/"}}]}},"_links":{"self":[{"href":"https:\/\/www.dryworks.com\/es\/wp-json\/wp\/v2\/pages\/3899","targetHints":{"allow":["GET"]}}],"collection":[{"href":"https:\/\/www.dryworks.com\/es\/wp-json\/wp\/v2\/pages"}],"about":[{"href":"https:\/\/www.dryworks.com\/es\/wp-json\/wp\/v2\/types\/page"}],"author":[{"embeddable":true,"href":"https:\/\/www.dryworks.com\/es\/wp-json\/wp\/v2\/users\/1"}],"replies":[{"embeddable":true,"href":"https:\/\/www.dryworks.com\/es\/wp-json\/wp\/v2\/comments?post=3899"}],"version-history":[{"count":5,"href":"https:\/\/www.dryworks.com\/es\/wp-json\/wp\/v2\/pages\/3899\/revisions"}],"predecessor-version":[{"id":4290,"href":"https:\/\/www.dryworks.com\/es\/wp-json\/wp\/v2\/pages\/3899\/revisions\/4290"}],"wp:featuredmedia":[{"embeddable":true,"href":"https:\/\/www.dryworks.com\/es\/wp-json\/wp\/v2\/media\/3901"}],"wp:attachment":[{"href":"https:\/\/www.dryworks.com\/es\/wp-json\/wp\/v2\/media?parent=3899"}],"wp:term":[{"taxonomy":"post_tag","embeddable":true,"href":"https:\/\/www.dryworks.com\/es\/wp-json\/wp\/v2\/tags?post=3899"}],"curies":[{"name":"wp","href":"https:\/\/api.w.org\/{rel}","templated":true}]}}